{"id":1197,"date":"2023-05-12T13:42:47","date_gmt":"2023-05-12T11:42:47","guid":{"rendered":"https:\/\/shakasun.pl\/?page_id=1197"},"modified":"2024-06-26T13:16:01","modified_gmt":"2024-06-26T11:16:01","slug":"nasza-odpowiedzialnosc","status":"publish","type":"page","link":"https:\/\/shakasun.pl\/?page_id=1197","title":{"rendered":"Nasza odpowiedzialno\u015b\u0107"},"content":{"rendered":"\t\t<div data-elementor-type=\"wp-page\" data-elementor-id=\"1197\" class=\"elementor elementor-1197\">\n\t\t\t\t\t\t<section class=\"elementor-section elementor-top-section elementor-element elementor-element-d6b6042 elementor-section-boxed elementor-section-height-default elementor-section-height-default elementor-invisible\" data-id=\"d6b6042\" data-element_type=\"section\" data-e-type=\"section\" data-settings=\"{&quot;background_background&quot;:&quot;classic&quot;,&quot;motion_fx_motion_fx_scrolling&quot;:&quot;yes&quot;,&quot;animation&quot;:&quot;fadeInUp&quot;,&quot;motion_fx_devices&quot;:[&quot;desktop&quot;,&quot;tablet&quot;,&quot;mobile&quot;]}\">\n\t\t\t\t\t\t<div class=\"elementor-container elementor-column-gap-default\">\n\t\t\t\t\t<div class=\"elementor-column elementor-col-50 elementor-top-column elementor-element elementor-element-3023d8f\" data-id=\"3023d8f\" data-element_type=\"column\" data-e-type=\"column\">\n\t\t\t<div class=\"elementor-widget-wrap elementor-element-populated\">\n\t\t\t\t\t\t<div class=\"elementor-element elementor-element-21eb5b1 elementor-widget elementor-widget-heading\" data-id=\"21eb5b1\" data-element_type=\"widget\" data-e-type=\"widget\" data-widget_type=\"heading.default\">\n\t\t\t\t<div class=\"elementor-widget-container\">\n\t\t\t\t\t<h2 class=\"elementor-heading-title elementor-size-default\">Nasze 3 kroki do lepszej planety<\/h2>\t\t\t\t<\/div>\n\t\t\t\t<\/div>\n\t\t\t\t<div class=\"elementor-element elementor-element-11e6e22 elementor-widget elementor-widget-text-editor\" data-id=\"11e6e22\" data-element_type=\"widget\" data-e-type=\"widget\" data-widget_type=\"text-editor.default\">\n\t\t\t\t<div class=\"elementor-widget-container\">\n\t\t\t\t\t\t\t\t\t<p>Czy wiesz, \u017ce Shaka Sun nie zawiera wosku pszczelego?<\/p><p>Dzi\u0119ki temu nasz produkt jest nie tylko wega\u0144ski, ale r\u00f3wnie\u017c ekologiczny. Dodatkowo ze sprzeda\u017cy ka\u017cdego neonowego kremu SPF przekazujemy 5% na Organizacj\u0119 Non-Profit Operation Honey Bee.<\/p><p><strong>Do\u0142\u0105cz do nas i pom\u00f3\u017c pszczo\u0142om!<\/strong><\/p>\t\t\t\t\t\t\t\t<\/div>\n\t\t\t\t<\/div>\n\t\t\t\t\t<\/div>\n\t\t<\/div>\n\t\t\t\t<div class=\"elementor-column elementor-col-50 elementor-top-column elementor-element elementor-element-d4b12a5\" data-id=\"d4b12a5\" data-element_type=\"column\" data-e-type=\"column\">\n\t\t\t<div class=\"elementor-widget-wrap elementor-element-populated\">\n\t\t\t\t\t\t<div class=\"elementor-element elementor-element-ba2f174 elementor-widget elementor-widget-image\" data-id=\"ba2f174\" data-element_type=\"widget\" data-e-type=\"widget\" data-widget_type=\"image.default\">\n\t\t\t\t<div class=\"elementor-widget-container\">\n\t\t\t\t\t\t\t\t\t\t\t\t\t\t\t<img fetchpriority=\"high\" decoding=\"async\" width=\"1024\" height=\"880\" src=\"https:\/\/shakasun.pl\/wp-content\/uploads\/2023\/05\/image-7-1-1024x880.png\" class=\"attachment-large size-large wp-image-1207\" alt=\"\" srcset=\"https:\/\/shakasun.pl\/wp-content\/uploads\/2023\/05\/image-7-1-1024x880.png 1024w, https:\/\/shakasun.pl\/wp-content\/uploads\/2023\/05\/image-7-1-300x258.png 300w, https:\/\/shakasun.pl\/wp-content\/uploads\/2023\/05\/image-7-1-768x660.png 768w, https:\/\/shakasun.pl\/wp-content\/uploads\/2023\/05\/image-7-1-1536x1319.png 1536w, https:\/\/shakasun.pl\/wp-content\/uploads\/2023\/05\/image-7-1-2048x1759.png 2048w, https:\/\/shakasun.pl\/wp-content\/uploads\/2023\/05\/image-7-1-14x12.png 14w, https:\/\/shakasun.pl\/wp-content\/uploads\/2023\/05\/image-7-1-600x515.png 600w\" sizes=\"(max-width: 1024px) 100vw, 1024px\" \/>\t\t\t\t\t\t\t\t\t\t\t\t\t\t\t<\/div>\n\t\t\t\t<\/div>\n\t\t\t\t\t<\/div>\n\t\t<\/div>\n\t\t\t\t\t<\/div>\n\t\t<\/section>\n\t\t\t\t<section class=\"elementor-section elementor-top-section elementor-element elementor-element-93d2642 elementor-section-boxed elementor-section-height-default elementor-section-height-default elementor-invisible\" data-id=\"93d2642\" data-element_type=\"section\" data-e-type=\"section\" data-settings=\"{&quot;motion_fx_motion_fx_scrolling&quot;:&quot;yes&quot;,&quot;animation&quot;:&quot;fadeInUp&quot;,&quot;motion_fx_devices&quot;:[&quot;desktop&quot;,&quot;tablet&quot;,&quot;mobile&quot;]}\">\n\t\t\t\t\t\t<div class=\"elementor-container elementor-column-gap-default\">\n\t\t\t\t\t<div class=\"elementor-column elementor-col-50 elementor-top-column elementor-element elementor-element-f16317b\" data-id=\"f16317b\" data-element_type=\"column\" data-e-type=\"column\">\n\t\t\t<div class=\"elementor-widget-wrap elementor-element-populated\">\n\t\t\t\t\t\t<div class=\"elementor-element elementor-element-64953b3 elementor-widget elementor-widget-text-editor\" data-id=\"64953b3\" data-element_type=\"widget\" data-e-type=\"widget\" data-widget_type=\"text-editor.default\">\n\t\t\t\t<div class=\"elementor-widget-container\">\n\t\t\t\t\t\t\t\t\t<p>Polska marka<br \/><br \/>Nasze produkty powstaj\u0105 w Europie \u2014 wybieraj\u0105c je, wspierasz polsk\u0105 mark\u0119 i europejskich producent\u00f3w. Kupuj lokalnie, aby zminimalizowa\u0107 \u015blad w\u0119glowy!<br \/><br \/><strong>#WspieramPolskieMarki<\/strong><\/p>\t\t\t\t\t\t\t\t<\/div>\n\t\t\t\t<\/div>\n\t\t\t\t\t<\/div>\n\t\t<\/div>\n\t\t\t\t<div class=\"elementor-column elementor-col-50 elementor-top-column elementor-element elementor-element-80c9048\" data-id=\"80c9048\" data-element_type=\"column\" data-e-type=\"column\">\n\t\t\t<div class=\"elementor-widget-wrap elementor-element-populated\">\n\t\t\t\t\t\t<div class=\"elementor-element elementor-element-dd5fab3 elementor-widget elementor-widget-image\" data-id=\"dd5fab3\" data-element_type=\"widget\" data-e-type=\"widget\" data-widget_type=\"image.default\">\n\t\t\t\t<div class=\"elementor-widget-container\">\n\t\t\t\t\t\t\t\t\t\t\t\t\t\t\t<img decoding=\"async\" width=\"680\" height=\"395\" src=\"https:\/\/shakasun.pl\/wp-content\/uploads\/2024\/06\/polska-marka-e1719398462718.png\" class=\"attachment-large size-large wp-image-1385\" alt=\"\" srcset=\"https:\/\/shakasun.pl\/wp-content\/uploads\/2024\/06\/polska-marka-e1719398462718.png 680w, https:\/\/shakasun.pl\/wp-content\/uploads\/2024\/06\/polska-marka-e1719398462718-300x174.png 300w, https:\/\/shakasun.pl\/wp-content\/uploads\/2024\/06\/polska-marka-e1719398462718-600x349.png 600w\" sizes=\"(max-width: 680px) 100vw, 680px\" \/>\t\t\t\t\t\t\t\t\t\t\t\t\t\t\t<\/div>\n\t\t\t\t<\/div>\n\t\t\t\t\t<\/div>\n\t\t<\/div>\n\t\t\t\t\t<\/div>\n\t\t<\/section>\n\t\t\t\t<section class=\"elementor-section elementor-top-section elementor-element elementor-element-6595d37 elementor-section-boxed elementor-section-height-default elementor-section-height-default elementor-invisible\" data-id=\"6595d37\" data-element_type=\"section\" data-e-type=\"section\" data-settings=\"{&quot;animation&quot;:&quot;fadeInUp&quot;}\">\n\t\t\t\t\t\t<div class=\"elementor-container elementor-column-gap-default\">\n\t\t\t\t\t<div class=\"elementor-column elementor-col-50 elementor-top-column elementor-element elementor-element-9e50ba4\" data-id=\"9e50ba4\" data-element_type=\"column\" data-e-type=\"column\">\n\t\t\t<div class=\"elementor-widget-wrap elementor-element-populated\">\n\t\t\t\t\t\t<div class=\"elementor-element elementor-element-9ff3cc6 elementor-widget elementor-widget-image\" data-id=\"9ff3cc6\" data-element_type=\"widget\" data-e-type=\"widget\" data-widget_type=\"image.default\">\n\t\t\t\t<div class=\"elementor-widget-container\">\n\t\t\t\t\t\t\t\t\t\t\t\t\t\t\t<img decoding=\"async\" width=\"668\" height=\"423\" src=\"https:\/\/shakasun.pl\/wp-content\/uploads\/2024\/06\/srodowisko_dbaj-e1719400441415.png\" class=\"attachment-large size-large wp-image-1386\" alt=\"\" srcset=\"https:\/\/shakasun.pl\/wp-content\/uploads\/2024\/06\/srodowisko_dbaj-e1719400441415.png 668w, https:\/\/shakasun.pl\/wp-content\/uploads\/2024\/06\/srodowisko_dbaj-e1719400441415-300x190.png 300w, https:\/\/shakasun.pl\/wp-content\/uploads\/2024\/06\/srodowisko_dbaj-e1719400441415-600x380.png 600w\" sizes=\"(max-width: 668px) 100vw, 668px\" \/>\t\t\t\t\t\t\t\t\t\t\t\t\t\t\t<\/div>\n\t\t\t\t<\/div>\n\t\t\t\t\t<\/div>\n\t\t<\/div>\n\t\t\t\t<div class=\"elementor-column elementor-col-50 elementor-top-column elementor-element elementor-element-915bd9e\" data-id=\"915bd9e\" data-element_type=\"column\" data-e-type=\"column\">\n\t\t\t<div class=\"elementor-widget-wrap elementor-element-populated\">\n\t\t\t\t\t\t<div class=\"elementor-element elementor-element-c0071e2 elementor-widget elementor-widget-text-editor\" data-id=\"c0071e2\" data-element_type=\"widget\" data-e-type=\"widget\" data-widget_type=\"text-editor.default\">\n\t\t\t\t<div class=\"elementor-widget-container\">\n\t\t\t\t\t\t\t\t\t<p>Dbaj z nami o \u015brodowisko!<br \/><br \/>Filtr SPF 50 Shaka Sun jest pakowany w sztyfty, kt\u00f3re nadaj\u0105 si\u0119 do recyklingu. Po zu\u017cyciu wyrzu\u0107 opakowanie do odpowiedniego kosza, aby je ponownie przetworzy\u0107!<br \/><br \/>Pami\u0119taj o segregacji \u015bmieci na co dzie\u0144 \u2014 ma\u0142e eko-kroki przynosz\u0105 wielkie rezultaty!<br \/><br \/><strong>B\u0105d\u017a odpowiedzialny razem z nami<\/strong><\/p>\t\t\t\t\t\t\t\t<\/div>\n\t\t\t\t<\/div>\n\t\t\t\t\t<\/div>\n\t\t<\/div>\n\t\t\t\t\t<\/div>\n\t\t<\/section>\n\t\t\t\t<section class=\"elementor-section elementor-top-section elementor-element elementor-element-929c091 elementor-section-boxed elementor-section-height-default elementor-section-height-default\" data-id=\"929c091\" data-element_type=\"section\" data-e-type=\"section\">\n\t\t\t\t\t\t<div class=\"elementor-container elementor-column-gap-default\">\n\t\t\t\t\t<div class=\"elementor-column elementor-col-100 elementor-top-column elementor-element elementor-element-6d39d78\" data-id=\"6d39d78\" data-element_type=\"column\" data-e-type=\"column\">\n\t\t\t<div class=\"elementor-widget-wrap elementor-element-populated\">\n\t\t\t\t\t\t<div class=\"elementor-element elementor-element-cb751f4 elementor-widget elementor-widget-spacer\" data-id=\"cb751f4\" data-element_type=\"widget\" data-e-type=\"widget\" data-widget_type=\"spacer.default\">\n\t\t\t\t<div class=\"elementor-widget-container\">\n\t\t\t\t\t\t\t<div class=\"elementor-spacer\">\n\t\t\t<div class=\"elementor-spacer-inner\"><\/div>\n\t\t<\/div>\n\t\t\t\t\t\t<\/div>\n\t\t\t\t<\/div>\n\t\t\t\t\t<\/div>\n\t\t<\/div>\n\t\t\t\t\t<\/div>\n\t\t<\/section>\n\t\t\t\t<\/div>\n\t\t","protected":false},"excerpt":{"rendered":"<p>Nasze 3 kroki do lepszej planety Czy wiesz, \u017ce Shaka Sun nie zawiera wosku pszczelego? Dzi\u0119ki temu nasz produkt jest&#8230;<\/p>\n","protected":false},"author":4,"featured_media":0,"parent":0,"menu_order":0,"comment_status":"closed","ping_status":"closed","template":"elementor_header_footer","meta":{"footnotes":""},"class_list":["post-1197","page","type-page","status-publish","hentry"],"_links":{"self":[{"href":"https:\/\/shakasun.pl\/index.php?rest_route=\/wp\/v2\/pages\/1197","targetHints":{"allow":["GET"]}}],"collection":[{"href":"https:\/\/shakasun.pl\/index.php?rest_route=\/wp\/v2\/pages"}],"about":[{"href":"https:\/\/shakasun.pl\/index.php?rest_route=\/wp\/v2\/types\/page"}],"author":[{"embeddable":true,"href":"https:\/\/shakasun.pl\/index.php?rest_route=\/wp\/v2\/users\/4"}],"replies":[{"embeddable":true,"href":"https:\/\/shakasun.pl\/index.php?rest_route=%2Fwp%2Fv2%2Fcomments&post=1197"}],"version-history":[{"count":20,"href":"https:\/\/shakasun.pl\/index.php?rest_route=\/wp\/v2\/pages\/1197\/revisions"}],"predecessor-version":[{"id":1390,"href":"https:\/\/shakasun.pl\/index.php?rest_route=\/wp\/v2\/pages\/1197\/revisions\/1390"}],"wp:attachment":[{"href":"https:\/\/shakasun.pl\/index.php?rest_route=%2Fwp%2Fv2%2Fmedia&parent=1197"}],"curies":[{"name":"wp","href":"https:\/\/api.w.org\/{rel}","templated":true}]}}