{"id":694,"date":"2022-06-09T21:59:03","date_gmt":"2022-06-09T19:59:03","guid":{"rendered":"https:\/\/shakasun.pl\/?post_type=product&#038;p=694"},"modified":"2022-06-14T13:58:40","modified_gmt":"2022-06-14T11:58:40","slug":"blue-loco","status":"publish","type":"product","link":"https:\/\/shakasun.pl\/?product=blue-loco","title":{"rendered":"Blue Loco"},"content":{"rendered":"<h3>SHAKA SUN sztyft SPF 50<\/h3>\n<h3>Beztrosko ciesz si\u0119 latem!<\/h3>\n<p><b>Krem przeciws\u0142oneczny w kolorze NEON Blue Loco [ niebieski ] o zapachu gumy balonowej zabezpieczy Twoj\u0105 twarz przed oparzeniem s\u0142onecznym.<\/b><\/p>\n<p><b>Stosuj\u0105c Shaka SUN\u00a0gwarantujesz sobie:<\/b><\/p>\n<ul>\n<li><b>Ochron\u0119 przeciws\u0142oneczn\u0105<\/b> &#8211; aplikuj\u0105c wysoki filtr SPF 50+<\/li>\n<li><b>Bezpiecze\u0144stwo<\/b> &#8211; Twoje i Twojej rodziny<\/li>\n<li><b>Kontrol\u0119<\/b> &#8211; p\u00f3ki kolor utrzymuje si\u0119 na twarzy masz gwarancj\u0119 ochrony przed oparzeniami.<\/li>\n<li><b>Wygod\u0119<\/b> &#8211; sztyft jest ma\u0142y, por\u0119czny.<\/li>\n<li><b>\u015awietn\u0105 zabaw\u0119 ze swoimi pociechami<\/b> &#8211; NEONOWE kolory o\u00a0wspania\u0142ych zapachach kt\u00f3re dzieci uwielbiaj\u0105.<\/li>\n<\/ul>\n<p><b>SHAKA SUN jest:<\/b><\/p>\n<ul>\n<li>naturalny &#8211; na bazie cynku<\/li>\n<li>wodoodporny<\/li>\n<li>potoodporny<\/li>\n<li>odporny &#8211; nie rozp\u0142ywa si\u0119 gdy zostawisz go na s\u0142o\u0144cu!<\/li>\n<li>wydajny<\/li>\n<\/ul>\n<h4>Sp\u0119dzaj aktywnie czas na s\u0142o\u0144cu bez obaw!<\/h4>\n<p><b>Mineralny sztyft przeciws\u0142oneczny na bazie cynku kt\u00f3ry jest przebadany dermatologicznie, bez substancji chemicznych dzi\u0119ki kt\u00f3remu ochronisz si\u0119 przed poparzeniami.<\/b><\/p>\n","protected":false},"excerpt":{"rendered":"<p>Krem przeciws\u0142oneczny w kolorze NEON Blue Loco [ niebieski ]<br \/>\no zapachu gumy balonowej zabezpieczy Twoj\u0105 twarz przed<br \/>\noparzeniem s\u0142onecznym.<\/p>\n<p><strong>Wybierz najlepszy krem z filtrem do twarzy na rynku!<\/strong><\/p>\n","protected":false},"featured_media":741,"template":"","meta":[],"product_brand":[],"product_cat":[19],"product_tag":[],"class_list":{"0":"post-694","1":"product","2":"type-product","3":"status-publish","4":"has-post-thumbnail","6":"product_cat-shakasun","8":"first","9":"outofstock","10":"sale","11":"shipping-taxable","12":"purchasable","13":"product-type-simple"},"_links":{"self":[{"href":"https:\/\/shakasun.pl\/index.php?rest_route=\/wp\/v2\/product\/694","targetHints":{"allow":["GET"]}}],"collection":[{"href":"https:\/\/shakasun.pl\/index.php?rest_route=\/wp\/v2\/product"}],"about":[{"href":"https:\/\/shakasun.pl\/index.php?rest_route=\/wp\/v2\/types\/product"}],"version-history":[{"count":1,"href":"https:\/\/shakasun.pl\/index.php?rest_route=\/wp\/v2\/product\/694\/revisions"}],"predecessor-version":[{"id":873,"href":"https:\/\/shakasun.pl\/index.php?rest_route=\/wp\/v2\/product\/694\/revisions\/873"}],"wp:featuredmedia":[{"embeddable":true,"href":"https:\/\/shakasun.pl\/index.php?rest_route=\/wp\/v2\/media\/741"}],"wp:attachment":[{"href":"https:\/\/shakasun.pl\/index.php?rest_route=%2Fwp%2Fv2%2Fmedia&parent=694"}],"wp:term":[{"taxonomy":"product_brand","embeddable":true,"href":"https:\/\/shakasun.pl\/index.php?rest_route=%2Fwp%2Fv2%2Fproduct_brand&post=694"},{"taxonomy":"product_cat","embeddable":true,"href":"https:\/\/shakasun.pl\/index.php?rest_route=%2Fwp%2Fv2%2Fproduct_cat&post=694"},{"taxonomy":"product_tag","embeddable":true,"href":"https:\/\/shakasun.pl\/index.php?rest_route=%2Fwp%2Fv2%2Fproduct_tag&post=694"}],"curies":[{"name":"wp","href":"https:\/\/api.w.org\/{rel}","templated":true}]}}