{"id":697,"date":"2022-06-09T21:59:05","date_gmt":"2022-06-09T19:59:05","guid":{"rendered":"https:\/\/shakasun.pl\/?post_type=product&#038;p=697"},"modified":"2023-06-12T14:35:48","modified_gmt":"2023-06-12T12:35:48","slug":"purple-changa","status":"publish","type":"product","link":"https:\/\/shakasun.pl\/?product=purple-changa","title":{"rendered":"Purple changa"},"content":{"rendered":"<h3>SHAKA SUN sztyft SPF 50<\/h3>\n<h3>Beztrosko ciesz si\u0119 latem!<\/h3>\n<p><b>Krem przeciws\u0142oneczny w kolorze NEON\u00a0Purple Changa [ fiolet ] o winogronowym zapachu zabezpieczy Twoj\u0105 twarz przed oparzeniem s\u0142onecznym.<\/b><\/p>\n<p><b>Stosuj\u0105c Shaka SUN\u00a0gwarantujesz sobie:<\/b><\/p>\n<ul>\n<li><b>Ochron\u0119 przeciws\u0142oneczn\u0105<\/b> &#8211; aplikuj\u0105c wysoki filtr SPF 50+<\/li>\n<li><b>Bezpiecze\u0144stwo<\/b> &#8211; Twoje i Twojej rodziny<\/li>\n<li><b>Kontrol\u0119<\/b> &#8211; p\u00f3ki kolor utrzymuje si\u0119 na twarzy masz gwarancj\u0119 ochrony przed oparzeniami.<\/li>\n<li><b>Wygod\u0119<\/b> &#8211; sztyft jest ma\u0142y, por\u0119czny.<\/li>\n<li><b>\u015awietn\u0105 zabaw\u0119 ze swoimi pociechami<\/b> &#8211; NEONOWE kolory o\u00a0wspania\u0142ych zapachach kt\u00f3re dzieci uwielbiaj\u0105.<\/li>\n<\/ul>\n<p><b>SHAKA SUN jest:<\/b><\/p>\n<ul>\n<li>naturalny &#8211; na bazie cynku<\/li>\n<li>wodoodporny<\/li>\n<li>potoodporny<\/li>\n<li>odporny &#8211; nie rozp\u0142ywa si\u0119 gdy zostawisz go na s\u0142o\u0144cu!<\/li>\n<li>wydajny<\/li>\n<\/ul>\n<h4>Sp\u0119dzaj aktywnie czas na s\u0142o\u0144cu bez obaw!<\/h4>\n<p><b>Mineralny sztyft przeciws\u0142oneczny na bazie cynku kt\u00f3ry jest przebadany dermatologicznie, bez substancji chemicznych dzi\u0119ki kt\u00f3remu ochronisz si\u0119 przed poparzeniami.<\/b><\/p>\n","protected":false},"excerpt":{"rendered":"<h2>Beztrosko ciesz si\u0119 latem!<\/h2>\n<p><b>Krem przeciws\u0142oneczny w kolorze NEON Purple Changa\u00a0 [ fioletowy ] o zapachu s\u0142odkiego WINOGRONA zabezpieczy Twoj\u0105 twarz przed oparzeniem s\u0142onecznym.<\/b><\/p>\n","protected":false},"featured_media":737,"template":"","meta":[],"product_brand":[],"product_cat":[19],"product_tag":[],"class_list":{"0":"post-697","1":"product","2":"type-product","3":"status-publish","4":"has-post-thumbnail","6":"product_cat-shakasun","8":"first","9":"instock","10":"sale","11":"shipping-taxable","12":"purchasable","13":"product-type-simple"},"_links":{"self":[{"href":"https:\/\/shakasun.pl\/index.php?rest_route=\/wp\/v2\/product\/697","targetHints":{"allow":["GET"]}}],"collection":[{"href":"https:\/\/shakasun.pl\/index.php?rest_route=\/wp\/v2\/product"}],"about":[{"href":"https:\/\/shakasun.pl\/index.php?rest_route=\/wp\/v2\/types\/product"}],"version-history":[{"count":5,"href":"https:\/\/shakasun.pl\/index.php?rest_route=\/wp\/v2\/product\/697\/revisions"}],"predecessor-version":[{"id":1298,"href":"https:\/\/shakasun.pl\/index.php?rest_route=\/wp\/v2\/product\/697\/revisions\/1298"}],"wp:featuredmedia":[{"embeddable":true,"href":"https:\/\/shakasun.pl\/index.php?rest_route=\/wp\/v2\/media\/737"}],"wp:attachment":[{"href":"https:\/\/shakasun.pl\/index.php?rest_route=%2Fwp%2Fv2%2Fmedia&parent=697"}],"wp:term":[{"taxonomy":"product_brand","embeddable":true,"href":"https:\/\/shakasun.pl\/index.php?rest_route=%2Fwp%2Fv2%2Fproduct_brand&post=697"},{"taxonomy":"product_cat","embeddable":true,"href":"https:\/\/shakasun.pl\/index.php?rest_route=%2Fwp%2Fv2%2Fproduct_cat&post=697"},{"taxonomy":"product_tag","embeddable":true,"href":"https:\/\/shakasun.pl\/index.php?rest_route=%2Fwp%2Fv2%2Fproduct_tag&post=697"}],"curies":[{"name":"wp","href":"https:\/\/api.w.org\/{rel}","templated":true}]}}